{"id":831,"date":"2023-08-12T17:45:37","date_gmt":"2023-08-12T15:45:37","guid":{"rendered":"http:\/\/widum278.at\/?page_id=831"},"modified":"2025-03-18T17:56:35","modified_gmt":"2025-03-18T16:56:35","slug":"gastronomie-im-umkreis-von-sulzberg","status":"publish","type":"page","link":"http:\/\/widum278.at\/?page_id=831","title":{"rendered":"Gastronomie im Umkreis von Sulzberg"},"content":{"rendered":"\n<div class=\"wp-block-group\"><div class=\"wp-block-group__inner-container is-layout-flow wp-block-group-is-layout-flow\">\n<div style=\"height:50px\" aria-hidden=\"true\" class=\"wp-block-spacer\"><\/div>\n\n\n\n<h2 class=\"wp-block-heading\">Thal&nbsp;<\/h2>\n\n\n\n<p>In der Gemeinde Sulzberg, im Ortsteil Thal, steht das Gasthaus &#8222;<strong><a href=\"https:\/\/gasthof-krone.jimdosite.com\/\">Krone<\/a>&#8222;<\/strong> als einzig authentisch erhaltenes Exemplar. Seine drei charaktervollen, mit Holz verkleideten R\u00e4ume aus dem Jahr 1928 bieten Platz f\u00fcr 70 Besucher.<\/p>\n\n\n\n<p>Das Wohlf\u00fchlambiente, eine schmackhafte Speisekarte, handverlesene Weine sowie ein zuvorkommender Service sind Merkmale dieses Betriebs.<\/p>\n<\/div><\/div>\n\n\n<div class=\"wp-block-image\">\n<figure class=\"aligncenter size-full\"><img loading=\"lazy\" decoding=\"async\" width=\"605\" height=\"403\" src=\"http:\/\/widum278.at\/wp-content\/uploads\/2023\/08\/Bild2.jpg\" alt=\"@ https:\/\/gasthof-krone.jimdosite.com\/\" class=\"wp-image-834\" srcset=\"http:\/\/widum278.at\/wp-content\/uploads\/2023\/08\/Bild2.jpg 605w, http:\/\/widum278.at\/wp-content\/uploads\/2023\/08\/Bild2-600x400.jpg 600w, http:\/\/widum278.at\/wp-content\/uploads\/2023\/08\/Bild2-300x200.jpg 300w\" sizes=\"auto, (max-width: 605px) 100vw, 605px\" \/><\/figure><\/div>\n\n\n<h2 class=\"wp-block-heading\">Doren<\/h2>\n\n\n\n<p>Im Restaurant <a href=\"https:\/\/de-de.facebook.com\/ROSE.doren\/\"><strong>Rose<\/strong> <\/a>in Doren lassen sich feine K\u00f6stlichkeiten genie\u00dfen. S\u00fc\u00dfes gibt es auch zum MIttnehmen.<\/p>\n\n\n\n<h2 class=\"wp-block-heading\">Hittisau<\/h2>\n\n\n\n<div class=\"wp-block-group\"><div class=\"wp-block-group__inner-container is-layout-flow wp-block-group-is-layout-flow\">\n<div class=\"wp-block-group\"><div class=\"wp-block-group__inner-container is-layout-flow wp-block-group-is-layout-flow\">\n<p>Auch in Hittisau k\u00f6nnen Sie sich kulinarisch verw\u00f6hnen lassen. N\u00e4hre Informationen finden Sie <a href=\"https:\/\/www.tripadvisor.at\/Restaurants-g1195553-Hittisau_Vorarlberg_Austrian_Alps.html\">HIER<\/a>.&nbsp;<\/p>\n<\/div><\/div>\n<\/div><\/div>\n\n\n\n<h2 class=\"wp-block-heading\">Weiler-Simmerberg<\/h2>\n\n\n\n<p>Auch im Allg\u00e4u bei unseren deutschen Nachbarn kommen Sie in den Genuss lokaler K\u00f6stlichkeiten. Das <a href=\"https:\/\/speisekarte.menu\/restaurants\/weilersimmerberg\/gasthaus-zur-traube-1\"><strong>Gasthaus zur Traube<\/strong><\/a>, die <a href=\"https:\/\/www.postinweiler.de\/\"><strong>Post <\/strong><\/a>oder die <a href=\"https:\/\/www.braeustatt-taferne.de\/\"><strong>Br\u00e4ustatt Taferne <\/strong><\/a>stehen zur Auswahl.<\/p>\n\n\n\n<h2 class=\"wp-block-heading\">Oberreute<\/h2>\n\n\n\n<p>Auch in Oberreute haben Sie ebenfalls die M\u00f6glichkeit, kulinarische Gen\u00fcsse zu erleben in der Dorfwirtschaft <strong><a href=\"https:\/\/www.fezzo-hirschen.de\/\">Hirschen<\/a><\/strong>.<\/p>\n\n\n\n<h2 class=\"wp-block-heading\">Stiefenhofen<\/h2>\n\n\n\n<p>Im Stiefenhofen l\u00e4dt dass <a href=\"https:\/\/www.roessle.net\/wirtshaus\/\"><strong>R\u00f6ssele <\/strong><\/a>ein. <\/p>\n\n\n<div class=\"wp-block-image\">\n<figure class=\"aligncenter size-full\"><img loading=\"lazy\" decoding=\"async\" width=\"474\" height=\"331\" src=\"http:\/\/widum278.at\/wp-content\/uploads\/2023\/08\/OIP-1.jpg\" alt=\"@https:\/\/www.tripadvisor.de\/Hotel_Review-g2213115-d2257070-Reviews-Landgasthof_Roessle-Stiefenhofen_Swabia_Bavaria.html\" class=\"wp-image-842\" srcset=\"http:\/\/widum278.at\/wp-content\/uploads\/2023\/08\/OIP-1.jpg 474w, http:\/\/widum278.at\/wp-content\/uploads\/2023\/08\/OIP-1-300x209.jpg 300w\" sizes=\"auto, (max-width: 474px) 100vw, 474px\" \/><figcaption class=\"wp-element-caption\">6<\/figcaption><\/figure><\/div>\n\n\n<h2 class=\"wp-block-heading\">Lindenberg Waldsee<\/h2>\n\n\n\n<p>Auch im <strong><a href=\"https:\/\/hotel-waldsee.de\/\">Hotel Waldsee <\/a><\/strong>in Lindenberg l\u00e4sst es sich gut speisen. <\/p>\n\n\n<div class=\"wp-block-image\">\n<figure class=\"aligncenter size-full\"><img loading=\"lazy\" decoding=\"async\" width=\"474\" height=\"315\" src=\"http:\/\/widum278.at\/wp-content\/uploads\/2023\/08\/OIP.jpg\" alt=\"@https:\/\/www.outdooractive.com\/de\/gastro\/lindenberg-im-allgaeu\/hotel-waldsee\/1635781\/\" class=\"wp-image-841\" srcset=\"http:\/\/widum278.at\/wp-content\/uploads\/2023\/08\/OIP.jpg 474w, http:\/\/widum278.at\/wp-content\/uploads\/2023\/08\/OIP-300x199.jpg 300w\" sizes=\"auto, (max-width: 474px) 100vw, 474px\" \/><\/figure><\/div>\n\n","protected":false},"excerpt":{"rendered":"<p>Thal&nbsp; In der Gemeinde Sulzberg, im Ortsteil Thal, steht das Gasthaus &#8222;Krone&#8222; als einzig authentisch erhaltenes Exemplar. Seine drei charaktervollen, mit Holz verkleideten R\u00e4ume aus dem Jahr 1928 bieten Platz f\u00fcr 70 Besucher. Das Wohlf\u00fchlambiente, eine schmackhafte Speisekarte, handverlesene Weine sowie ein zuvorkommender Service sind Merkmale dieses Betriebs. Doren Im Restaurant Rose in Doren lassen [&hellip;]<\/p>\n","protected":false},"author":2,"featured_media":0,"parent":0,"menu_order":0,"comment_status":"closed","ping_status":"closed","template":"","meta":{"footnotes":""},"class_list":["post-831","page","type-page","status-publish","hentry"],"yoast_head":"<!-- This site is optimized with the Yoast SEO plugin v24.6 - https:\/\/yoast.com\/wordpress\/plugins\/seo\/ -->\n<title>Gastronomie im Umkreis von Sulzberg - Wohlf\u00fchlferienwohnung in Sulzberg<\/title>\n<meta name=\"robots\" content=\"index, follow, max-snippet:-1, max-image-preview:large, max-video-preview:-1\" \/>\n<link rel=\"canonical\" href=\"http:\/\/widum278.at\/?page_id=831\" \/>\n<meta property=\"og:locale\" content=\"de_DE\" \/>\n<meta property=\"og:type\" content=\"article\" \/>\n<meta property=\"og:title\" content=\"Gastronomie im Umkreis von Sulzberg - Wohlf\u00fchlferienwohnung in Sulzberg\" \/>\n<meta property=\"og:description\" content=\"Thal&nbsp; In der Gemeinde Sulzberg, im Ortsteil Thal, steht das Gasthaus &#8222;Krone&#8222; als einzig authentisch erhaltenes Exemplar. Seine drei charaktervollen, mit Holz verkleideten R\u00e4ume aus dem Jahr 1928 bieten Platz f\u00fcr 70 Besucher. Das Wohlf\u00fchlambiente, eine schmackhafte Speisekarte, handverlesene Weine sowie ein zuvorkommender Service sind Merkmale dieses Betriebs. Doren Im Restaurant Rose in Doren lassen [&hellip;]\" \/>\n<meta property=\"og:url\" content=\"http:\/\/widum278.at\/?page_id=831\" \/>\n<meta property=\"og:site_name\" content=\"Wohlf\u00fchlferienwohnung in Sulzberg\" \/>\n<meta property=\"article:modified_time\" content=\"2025-03-18T16:56:35+00:00\" \/>\n<meta property=\"og:image\" content=\"http:\/\/widum278.at\/wp-content\/uploads\/2023\/08\/Bild2.jpg\" \/>\n\t<meta property=\"og:image:width\" content=\"605\" \/>\n\t<meta property=\"og:image:height\" content=\"403\" \/>\n\t<meta property=\"og:image:type\" content=\"image\/jpeg\" \/>\n<meta name=\"twitter:card\" content=\"summary_large_image\" \/>\n<meta name=\"twitter:label1\" content=\"Gesch\u00e4tzte Lesezeit\" \/>\n\t<meta name=\"twitter:data1\" content=\"2\u00a0Minuten\" \/>\n<script type=\"application\/ld+json\" class=\"yoast-schema-graph\">{\"@context\":\"https:\/\/schema.org\",\"@graph\":[{\"@type\":\"WebPage\",\"@id\":\"http:\/\/widum278.at\/?page_id=831\",\"url\":\"http:\/\/widum278.at\/?page_id=831\",\"name\":\"Gastronomie im Umkreis von Sulzberg - Wohlf\u00fchlferienwohnung in Sulzberg\",\"isPartOf\":{\"@id\":\"https:\/\/widum278.at\/de\/ferienwohnung-2\/#website\"},\"primaryImageOfPage\":{\"@id\":\"http:\/\/widum278.at\/?page_id=831#primaryimage\"},\"image\":{\"@id\":\"http:\/\/widum278.at\/?page_id=831#primaryimage\"},\"thumbnailUrl\":\"http:\/\/widum278.at\/wp-content\/uploads\/2023\/08\/Bild2.jpg\",\"datePublished\":\"2023-08-12T15:45:37+00:00\",\"dateModified\":\"2025-03-18T16:56:35+00:00\",\"breadcrumb\":{\"@id\":\"http:\/\/widum278.at\/?page_id=831#breadcrumb\"},\"inLanguage\":\"de\",\"potentialAction\":[{\"@type\":\"ReadAction\",\"target\":[\"http:\/\/widum278.at\/?page_id=831\"]}]},{\"@type\":\"ImageObject\",\"inLanguage\":\"de\",\"@id\":\"http:\/\/widum278.at\/?page_id=831#primaryimage\",\"url\":\"http:\/\/widum278.at\/wp-content\/uploads\/2023\/08\/Bild2.jpg\",\"contentUrl\":\"http:\/\/widum278.at\/wp-content\/uploads\/2023\/08\/Bild2.jpg\",\"width\":605,\"height\":403},{\"@type\":\"BreadcrumbList\",\"@id\":\"http:\/\/widum278.at\/?page_id=831#breadcrumb\",\"itemListElement\":[{\"@type\":\"ListItem\",\"position\":1,\"name\":\"Startseite\",\"item\":\"http:\/\/widum278.at\/\"},{\"@type\":\"ListItem\",\"position\":2,\"name\":\"Gastronomie im Umkreis von Sulzberg\"}]},{\"@type\":\"WebSite\",\"@id\":\"https:\/\/widum278.at\/de\/ferienwohnung-2\/#website\",\"url\":\"https:\/\/widum278.at\/de\/ferienwohnung-2\/\",\"name\":\"Wohlf\u00fchlferienwohnung in Sulzberg\",\"description\":\"Maly\u00b4s Ferienwohnung - grenzenlos geniessen in Sulzberg-Vorarlberg\",\"potentialAction\":[{\"@type\":\"SearchAction\",\"target\":{\"@type\":\"EntryPoint\",\"urlTemplate\":\"https:\/\/widum278.at\/de\/ferienwohnung-2\/?s={search_term_string}\"},\"query-input\":{\"@type\":\"PropertyValueSpecification\",\"valueRequired\":true,\"valueName\":\"search_term_string\"}}],\"inLanguage\":\"de\"}]}<\/script>\n<!-- \/ Yoast SEO plugin. -->","yoast_head_json":{"title":"Gastronomie im Umkreis von Sulzberg - Wohlf\u00fchlferienwohnung in Sulzberg","robots":{"index":"index","follow":"follow","max-snippet":"max-snippet:-1","max-image-preview":"max-image-preview:large","max-video-preview":"max-video-preview:-1"},"canonical":"http:\/\/widum278.at\/?page_id=831","og_locale":"de_DE","og_type":"article","og_title":"Gastronomie im Umkreis von Sulzberg - Wohlf\u00fchlferienwohnung in Sulzberg","og_description":"Thal&nbsp; In der Gemeinde Sulzberg, im Ortsteil Thal, steht das Gasthaus &#8222;Krone&#8222; als einzig authentisch erhaltenes Exemplar. Seine drei charaktervollen, mit Holz verkleideten R\u00e4ume aus dem Jahr 1928 bieten Platz f\u00fcr 70 Besucher. Das Wohlf\u00fchlambiente, eine schmackhafte Speisekarte, handverlesene Weine sowie ein zuvorkommender Service sind Merkmale dieses Betriebs. Doren Im Restaurant Rose in Doren lassen [&hellip;]","og_url":"http:\/\/widum278.at\/?page_id=831","og_site_name":"Wohlf\u00fchlferienwohnung in Sulzberg","article_modified_time":"2025-03-18T16:56:35+00:00","og_image":[{"width":605,"height":403,"url":"http:\/\/widum278.at\/wp-content\/uploads\/2023\/08\/Bild2.jpg","type":"image\/jpeg"}],"twitter_card":"summary_large_image","twitter_misc":{"Gesch\u00e4tzte Lesezeit":"2\u00a0Minuten"},"schema":{"@context":"https:\/\/schema.org","@graph":[{"@type":"WebPage","@id":"http:\/\/widum278.at\/?page_id=831","url":"http:\/\/widum278.at\/?page_id=831","name":"Gastronomie im Umkreis von Sulzberg - Wohlf\u00fchlferienwohnung in Sulzberg","isPartOf":{"@id":"https:\/\/widum278.at\/de\/ferienwohnung-2\/#website"},"primaryImageOfPage":{"@id":"http:\/\/widum278.at\/?page_id=831#primaryimage"},"image":{"@id":"http:\/\/widum278.at\/?page_id=831#primaryimage"},"thumbnailUrl":"http:\/\/widum278.at\/wp-content\/uploads\/2023\/08\/Bild2.jpg","datePublished":"2023-08-12T15:45:37+00:00","dateModified":"2025-03-18T16:56:35+00:00","breadcrumb":{"@id":"http:\/\/widum278.at\/?page_id=831#breadcrumb"},"inLanguage":"de","potentialAction":[{"@type":"ReadAction","target":["http:\/\/widum278.at\/?page_id=831"]}]},{"@type":"ImageObject","inLanguage":"de","@id":"http:\/\/widum278.at\/?page_id=831#primaryimage","url":"http:\/\/widum278.at\/wp-content\/uploads\/2023\/08\/Bild2.jpg","contentUrl":"http:\/\/widum278.at\/wp-content\/uploads\/2023\/08\/Bild2.jpg","width":605,"height":403},{"@type":"BreadcrumbList","@id":"http:\/\/widum278.at\/?page_id=831#breadcrumb","itemListElement":[{"@type":"ListItem","position":1,"name":"Startseite","item":"http:\/\/widum278.at\/"},{"@type":"ListItem","position":2,"name":"Gastronomie im Umkreis von Sulzberg"}]},{"@type":"WebSite","@id":"https:\/\/widum278.at\/de\/ferienwohnung-2\/#website","url":"https:\/\/widum278.at\/de\/ferienwohnung-2\/","name":"Wohlf\u00fchlferienwohnung in Sulzberg","description":"Maly\u00b4s Ferienwohnung - grenzenlos geniessen in Sulzberg-Vorarlberg","potentialAction":[{"@type":"SearchAction","target":{"@type":"EntryPoint","urlTemplate":"https:\/\/widum278.at\/de\/ferienwohnung-2\/?s={search_term_string}"},"query-input":{"@type":"PropertyValueSpecification","valueRequired":true,"valueName":"search_term_string"}}],"inLanguage":"de"}]}},"_links":{"self":[{"href":"http:\/\/widum278.at\/index.php?rest_route=\/wp\/v2\/pages\/831","targetHints":{"allow":["GET"]}}],"collection":[{"href":"http:\/\/widum278.at\/index.php?rest_route=\/wp\/v2\/pages"}],"about":[{"href":"http:\/\/widum278.at\/index.php?rest_route=\/wp\/v2\/types\/page"}],"author":[{"embeddable":true,"href":"http:\/\/widum278.at\/index.php?rest_route=\/wp\/v2\/users\/2"}],"replies":[{"embeddable":true,"href":"http:\/\/widum278.at\/index.php?rest_route=%2Fwp%2Fv2%2Fcomments&post=831"}],"version-history":[{"count":9,"href":"http:\/\/widum278.at\/index.php?rest_route=\/wp\/v2\/pages\/831\/revisions"}],"predecessor-version":[{"id":922,"href":"http:\/\/widum278.at\/index.php?rest_route=\/wp\/v2\/pages\/831\/revisions\/922"}],"wp:attachment":[{"href":"http:\/\/widum278.at\/index.php?rest_route=%2Fwp%2Fv2%2Fmedia&parent=831"}],"curies":[{"name":"wp","href":"https:\/\/api.w.org\/{rel}","templated":true}]}}