{"id":31,"date":"2017-07-25T19:20:31","date_gmt":"2017-07-25T17:20:31","guid":{"rendered":"http:\/\/widum278.at\/?page_id=31"},"modified":"2025-03-18T17:52:50","modified_gmt":"2025-03-18T16:52:50","slug":"exklusive-ferienwohnungen-im-bregenzerwald-sulzberg-urlaub","status":"publish","type":"page","link":"http:\/\/widum278.at\/?page_id=31","title":{"rendered":"Wissenwertes \u00fcber Sulzberg und Umgebung"},"content":{"rendered":"<p><!-- Haupt\u00fcberschrift mit Fokus-Keyword f\u00fcr SEO --><\/p>\n<h1 class=\"wp-block-heading has-text-align-center\">Erleben Sie Sulzberg im Sommer &#038; Winter<\/h1>\n<p><!-- Wrapper f\u00fcr zentrierten Inhalt mit Standardabst\u00e4nden --><\/p>\n<div style=\"max-width: 800px; margin: 0 auto; padding: 20px; text-align: left;\">\n<p><!-- Sommer Aktivit\u00e4ten --><\/p>\n<h2>Sommeraktivit\u00e4ten in Sulzberg<\/h2>\n<p>\n\t\t\t\t\t\n\n\t\t\t\t\t<!-- START UNITE GALLERY LITE 1.7.56 -->\n\t\t\t\t\t\n\t\t\t\t\n\t\t\t<div id='unitegallery_6_1' class='unite-gallery' style='margin:0px auto;'>\n\t\t\t\t\n\n\t\t\t\t\t\t<img alt=\"\"\n\t\t\t\t\t\t     src=\"\" data-image=\"http:\/\/widum278.at\/wp-content\/uploads\/2017\/08\/sulzbergfr\u00fchling2016-6-e1504596750439.jpg\"\n\t\t\t\t\t\t     data-thumb=\"http:\/\/widum278.at\/wp-content\/uploads\/2017\/08\/sulzbergfr\u00fchling2016-6-e1504596750439.jpg\"\n\t\t\t\t\t\t     title=\"Sulzberg liegt auf einem wundersch\u00f6nen Plateau, von dem aus man eine herrliche Aussicht auf den Bregenzerwald hat.  Zahlreiche Wanderwege laden zu Spazierg\u00e4ngen ein.\"\n\t\t\t\t\t\t     style=\"display:none\">\n\n\t\t\t\t\t\t<img alt=\"\"\n\t\t\t\t\t\t     src=\"\" data-image=\"http:\/\/widum278.at\/wp-content\/uploads\/2017\/08\/Hinteregger_herbst_sulzberg_herbst-2016-6-e1504596629854.jpg\"\n\t\t\t\t\t\t     data-thumb=\"http:\/\/widum278.at\/wp-content\/uploads\/2017\/08\/Hinteregger_herbst_sulzberg_herbst-2016-6-e1504596629854.jpg\"\n\t\t\t\t\t\t     title=\"Sulzberg liegt auf einem wundersch\u00f6nen Plateau, von dem aus man eine herrliche Aussicht auf den Bregenzerwald hat.  Zahlreiche Wanderwege laden zu Spazierg\u00e4ngen ein.\"\n\t\t\t\t\t\t     style=\"display:none\">\n\n\t\t\t\t\t\t<img alt=\"\"\n\t\t\t\t\t\t     src=\"\" data-image=\"http:\/\/widum278.at\/wp-content\/uploads\/2017\/08\/sulzbergfr\u00fchling2016-11-1-e1504596558436.jpg\"\n\t\t\t\t\t\t     data-thumb=\"http:\/\/widum278.at\/wp-content\/uploads\/2017\/08\/sulzbergfr\u00fchling2016-11-1-e1504596558436.jpg\"\n\t\t\t\t\t\t     title=\"Sulzberg liegt auf einem wundersch\u00f6nen Plateau, von dem aus man eine herrliche Aussicht auf den Bregenzerwald hat.  Zahlreiche Wanderwege laden zu Spazierg\u00e4ngen ein.\"\n\t\t\t\t\t\t     style=\"display:none\">\n\n\t\t\t\t\t\t<img alt=\"\"\n\t\t\t\t\t\t     src=\"\" data-image=\"http:\/\/widum278.at\/wp-content\/uploads\/2017\/10\/Herbst-7.jpg\"\n\t\t\t\t\t\t     data-thumb=\"http:\/\/widum278.at\/wp-content\/uploads\/2017\/10\/Herbst-7.jpg\"\n\t\t\t\t\t\t     title=\"\"\n\t\t\t\t\t\t     style=\"display:none\">\n\t\t\t<\/div>\n\n\t\t\t<script type='text\/javascript'>\n\t\t\t\twindow.onload = function(e) {\n\t\t\t\t\tif(typeof ugCheckForErrors == \"undefined\"){\n\t\t\t\t\t\tdocument.getElementById(\"unitegallery_6_1\").innerHTML = \"<span style='color:red'>Unite Gallery Error - gallery js and css files not included in the footer. Please make sure that wp_footer() function is added to your theme.<\/span>\";}\n\t\t\t\t\telse{ ugCheckForErrors(\"unitegallery_6_1\", \"jquery\");}\n\t\t\t\t};\n\t\t\t<\/script>\n\n\t\t\t<!-- END UNITEGALLERY LITE--><\/p>\n<p>Sulzberg ist ein idealer Ausgangspunkt f\u00fcr Wanderungen, Radtouren und Naturerlebnisse. Im Dorfzentrum finden Sie traditionelle Restaurants und den bekannten <strong>Sulzberger K\u00e4serebellen<\/strong>, der f\u00fcr seine preisgekr\u00f6nten K\u00e4sespezialit\u00e4ten bekannt ist.<\/p>\n<p><iframe loading=\"lazy\" src=\"https:\/\/vorarlberg-stream.eyebase.com\/vod\/vlbgt\/1\/6\/00071657_1.mp4\" width=\"100%\" height=\"400px\" frameborder=\"0\" allowfullscreen><\/iframe><\/p>\n<h3>Beliebte Sommeraktivit\u00e4ten:<\/h3>\n<ul>\n<li>Weitl\u00e4ufige Wanderwege und Radtouren<\/li>\n<li>Regionale K\u00f6stlichkeiten in Restaurants und Bauernl\u00e4den<\/li>\n<li>Ausfl\u00fcge nach Bregenz, zur Seeb\u00fchne oder auf den Pf\u00e4nder<\/li>\n<\/ul>\n<p>Weitere Informationen zu Wander- und Radtouren:<\/p>\n<ul>\n<li><a href=\"http:\/\/www.bergfex.at\/sommer\/sulzberg\/touren\/wandern\/\" target=\"_blank\">Wanderrouten auf Bergfex<\/a><\/li>\n<li><a href=\"http:\/\/www.bregenzerwald.at\/s\/de\/wandern\/\" target=\"_blank\">Bregenzerwald Wanderportal<\/a><\/li>\n<\/ul>\n<p>\n\t\t\t\t\t\n\n\t\t\t\t\t<!-- START UNITE GALLERY LITE 1.7.56 -->\n\t\t\t\t\t\n\t\t\t\t\n\t\t\t<div id='unitegallery_8_2' class='unite-gallery' style='margin:0px auto;'>\n\t\t\t\t\n\n\t\t\t\t\t\t<img alt=\"e88d57cf-aec5-4f0e-93ee-dd33646a7102\"\n\t\t\t\t\t\t     src=\"\" data-image=\"http:\/\/widum278.at\/wp-content\/uploads\/2018\/05\/e88d57cf-aec5-4f0e-93ee-dd33646a7102.jpg\"\n\t\t\t\t\t\t     data-thumb=\"http:\/\/widum278.at\/wp-content\/uploads\/2018\/05\/e88d57cf-aec5-4f0e-93ee-dd33646a7102.jpg\"\n\t\t\t\t\t\t     title=\"\"\n\t\t\t\t\t\t     style=\"display:none\">\n\n\t\t\t\t\t\t<img alt=\"Sulzberg Fr\u00fchling Bregenzerwald\"\n\t\t\t\t\t\t     src=\"\" data-image=\"http:\/\/widum278.at\/wp-content\/uploads\/2018\/05\/Sulzberg-Fr\u00fchling-Bregenzerwald.jpg\"\n\t\t\t\t\t\t     data-thumb=\"http:\/\/widum278.at\/wp-content\/uploads\/2018\/05\/Sulzberg-Fr\u00fchling-Bregenzerwald.jpg\"\n\t\t\t\t\t\t     title=\"\"\n\t\t\t\t\t\t     style=\"display:none\">\n\n\t\t\t\t\t\t<img alt=\"Hinteregger_herbst_sulzberg_herbst-2016-7\"\n\t\t\t\t\t\t     src=\"\" data-image=\"http:\/\/widum278.at\/wp-content\/uploads\/2018\/04\/Hinteregger_herbst_sulzberg_herbst-2016-7-scaled.jpg\"\n\t\t\t\t\t\t     data-thumb=\"http:\/\/widum278.at\/wp-content\/uploads\/2018\/04\/Hinteregger_herbst_sulzberg_herbst-2016-7-scaled.jpg\"\n\t\t\t\t\t\t     title=\"\"\n\t\t\t\t\t\t     style=\"display:none\">\n\n\t\t\t\t\t\t<img alt=\"Urlaub Bregenzerwald Ferienwohnung\"\n\t\t\t\t\t\t     src=\"\" data-image=\"http:\/\/widum278.at\/wp-content\/uploads\/2018\/05\/Urlaub-Bregenzerwald-Ferienwohnung.jpg\"\n\t\t\t\t\t\t     data-thumb=\"http:\/\/widum278.at\/wp-content\/uploads\/2018\/05\/Urlaub-Bregenzerwald-Ferienwohnung.jpg\"\n\t\t\t\t\t\t     title=\"\"\n\t\t\t\t\t\t     style=\"display:none\">\n\t\t\t<\/div>\n\n\n\t\t\t<!-- END UNITEGALLERY LITE--><\/p>\n<p><!-- Winter Aktivit\u00e4ten --><\/p>\n<h2>Winter in Sulzberg<\/h2>\n<p>\n\t\t\t\t\t\n\n\t\t\t\t\t<!-- START UNITE GALLERY LITE 1.7.56 -->\n\t\t\t\t\t\n\t\t\t\t\n\t\t\t<div id='unitegallery_4_3' class='unite-gallery' style='margin:0px auto;'>\n\t\t\t\t\n\n\t\t\t\t\t\t<img alt=\"\"\n\t\t\t\t\t\t     src=\"\" data-image=\"http:\/\/widum278.at\/wp-content\/uploads\/2017\/11\/Maly_Ferienwohnung_Sulzberg_Winter-7-e1510733065444.jpg\"\n\t\t\t\t\t\t     data-thumb=\"http:\/\/widum278.at\/wp-content\/uploads\/2017\/11\/Maly_Ferienwohnung_Sulzberg_Winter-7-e1510733065444.jpg\"\n\t\t\t\t\t\t     title=\"\"\n\t\t\t\t\t\t     style=\"display:none\">\n\n\t\t\t\t\t\t<img alt=\"\"\n\t\t\t\t\t\t     src=\"\" data-image=\"http:\/\/widum278.at\/wp-content\/uploads\/2017\/11\/Maly_Ferienwohnung_Sulzberg_Winter-15.jpg\"\n\t\t\t\t\t\t     data-thumb=\"http:\/\/widum278.at\/wp-content\/uploads\/2017\/11\/Maly_Ferienwohnung_Sulzberg_Winter-15.jpg\"\n\t\t\t\t\t\t     title=\"\"\n\t\t\t\t\t\t     style=\"display:none\">\n\n\t\t\t\t\t\t<img alt=\"\"\n\t\t\t\t\t\t     src=\"\" data-image=\"http:\/\/widum278.at\/wp-content\/uploads\/2017\/11\/Maly_Ferienwohnung_Sulzberg_Winter-13-e1510732925736.jpg\"\n\t\t\t\t\t\t     data-thumb=\"http:\/\/widum278.at\/wp-content\/uploads\/2017\/11\/Maly_Ferienwohnung_Sulzberg_Winter-13-e1510732925736.jpg\"\n\t\t\t\t\t\t     title=\"\"\n\t\t\t\t\t\t     style=\"display:none\">\n\n\t\t\t\t\t\t<img alt=\"\"\n\t\t\t\t\t\t     src=\"\" data-image=\"http:\/\/widum278.at\/wp-content\/uploads\/2017\/11\/Maly_Ferienwohnung_Sulzberg_Winter-9-e1510733006787.jpg\"\n\t\t\t\t\t\t     data-thumb=\"http:\/\/widum278.at\/wp-content\/uploads\/2017\/11\/Maly_Ferienwohnung_Sulzberg_Winter-9-e1510733006787.jpg\"\n\t\t\t\t\t\t     title=\"\"\n\t\t\t\t\t\t     style=\"display:none\">\n\t\t\t<\/div>\n\n\n\t\t\t<!-- END UNITEGALLERY LITE--><\/p>\n<p>Der Winter in Sulzberg bietet perfekte Bedingungen f\u00fcr Langlauf, Skifahren und Winterwanderungen. Direkt neben unserer Unterkunft befindet sich die <strong>Langlaufloipe des Nordic Sport Parks<\/strong>, die nur wenige Gehminuten entfernt ist.<\/p>\n<h3>Winteraktivit\u00e4ten:<\/h3>\n<ul>\n<li>Langlaufloipen &#038; Winterwanderwege<\/li>\n<li>Skilifte &#038; Rodelh\u00e4nge in unmittelbarer N\u00e4he<\/li>\n<li>Verg\u00fcnstigungen f\u00fcr Langlaufp\u00e4sse ab 3 \u00dcbernachtungen<\/li>\n<\/ul>\n<h3>Skigebiete in der N\u00e4he:<\/h3>\n<ul>\n<li><a href=\"http:\/\/www.alpenarena.com\/de\" target=\"_blank\">Hochh\u00e4derich Skigebiet<\/a> (10 Min. mit dem Auto)<\/li>\n<li><a href=\"http:\/\/www.damuels-mellau.at\/de\" target=\"_blank\">Dam\u00fcls-Mellau Skigebiet<\/a><\/li>\n<\/ul>\n<p>\n\t\t\t\t\t\n\n\t\t\t\t\t<!-- START UNITE GALLERY LITE 1.7.56 -->\n\t\t\t\t\t\n\t\t\t\t\n\t\t\t<div id='unitegallery_5_4' class='unite-gallery' style='margin:0px auto;'>\n\t\t\t\t\n\n\t\t\t\t\t\t<img alt=\"\"\n\t\t\t\t\t\t     src=\"\" data-image=\"http:\/\/widum278.at\/wp-content\/uploads\/2017\/09\/IMG_8147.jpg\"\n\t\t\t\t\t\t     data-thumb=\"http:\/\/widum278.at\/wp-content\/uploads\/2017\/09\/IMG_8147.jpg\"\n\t\t\t\t\t\t     title=\"\"\n\t\t\t\t\t\t     style=\"display:none\">\n\n\t\t\t\t\t\t<img alt=\"\"\n\t\t\t\t\t\t     src=\"\" data-image=\"http:\/\/widum278.at\/wp-content\/uploads\/2017\/11\/Maly_Ferienwohnung_Sulzberg_Winter-10-e1510732988672.jpg\"\n\t\t\t\t\t\t     data-thumb=\"http:\/\/widum278.at\/wp-content\/uploads\/2017\/11\/Maly_Ferienwohnung_Sulzberg_Winter-10-e1510732988672.jpg\"\n\t\t\t\t\t\t     title=\"\"\n\t\t\t\t\t\t     style=\"display:none\">\n\n\t\t\t\t\t\t<img alt=\"\"\n\t\t\t\t\t\t     src=\"\" data-image=\"http:\/\/widum278.at\/wp-content\/uploads\/2017\/11\/Maly_Ferienwohnung_Sulzberg_Winter-11-e1510732969248.jpg\"\n\t\t\t\t\t\t     data-thumb=\"http:\/\/widum278.at\/wp-content\/uploads\/2017\/11\/Maly_Ferienwohnung_Sulzberg_Winter-11-e1510732969248.jpg\"\n\t\t\t\t\t\t     title=\"\"\n\t\t\t\t\t\t     style=\"display:none\">\n\n\t\t\t\t\t\t<img alt=\"\"\n\t\t\t\t\t\t     src=\"\" data-image=\"http:\/\/widum278.at\/wp-content\/uploads\/2017\/11\/Maly_Ferienwohnung_Sulzberg_Winter-24-e1510759445805.jpg\"\n\t\t\t\t\t\t     data-thumb=\"http:\/\/widum278.at\/wp-content\/uploads\/2017\/11\/Maly_Ferienwohnung_Sulzberg_Winter-24-e1510759445805.jpg\"\n\t\t\t\t\t\t     title=\"\"\n\t\t\t\t\t\t     style=\"display:none\">\n\n\t\t\t\t\t\t<img alt=\"\"\n\t\t\t\t\t\t     src=\"\" data-image=\"http:\/\/widum278.at\/wp-content\/uploads\/2017\/11\/Maly_Ferienwohnung_Sulzberg_Winter-23-e1510759464397.jpg\"\n\t\t\t\t\t\t     data-thumb=\"http:\/\/widum278.at\/wp-content\/uploads\/2017\/11\/Maly_Ferienwohnung_Sulzberg_Winter-23-e1510759464397.jpg\"\n\t\t\t\t\t\t     title=\"\"\n\t\t\t\t\t\t     style=\"display:none\">\n\n\t\t\t\t\t\t<img alt=\"\"\n\t\t\t\t\t\t     src=\"\" data-image=\"http:\/\/widum278.at\/wp-content\/uploads\/2017\/11\/Maly_Ferienwohnung_Sulzberg_Winter-20-scaled.jpg\"\n\t\t\t\t\t\t     data-thumb=\"http:\/\/widum278.at\/wp-content\/uploads\/2017\/11\/Maly_Ferienwohnung_Sulzberg_Winter-20-scaled.jpg\"\n\t\t\t\t\t\t     title=\"\"\n\t\t\t\t\t\t     style=\"display:none\">\n\n\t\t\t\t\t\t<img alt=\"\"\n\t\t\t\t\t\t     src=\"\" data-image=\"http:\/\/widum278.at\/wp-content\/uploads\/2017\/11\/Maly_Ferienwohnung_Sulzberg_Winter-17-scaled.jpg\"\n\t\t\t\t\t\t     data-thumb=\"http:\/\/widum278.at\/wp-content\/uploads\/2017\/11\/Maly_Ferienwohnung_Sulzberg_Winter-17-scaled.jpg\"\n\t\t\t\t\t\t     title=\"\"\n\t\t\t\t\t\t     style=\"display:none\">\n\n\t\t\t\t\t\t<img alt=\"\"\n\t\t\t\t\t\t     src=\"\" data-image=\"http:\/\/widum278.at\/wp-content\/uploads\/2017\/11\/Maly_Ferienwohnung_Sulzberg_Winter-16-scaled.jpg\"\n\t\t\t\t\t\t     data-thumb=\"http:\/\/widum278.at\/wp-content\/uploads\/2017\/11\/Maly_Ferienwohnung_Sulzberg_Winter-16-scaled.jpg\"\n\t\t\t\t\t\t     title=\"\"\n\t\t\t\t\t\t     style=\"display:none\">\n\t\t\t<\/div>\n\n\n\t\t\t<!-- END UNITEGALLERY LITE--><\/p>\n<p><!-- Lokale Gastronomie und Kontakt --><\/p>\n<h2>Regionale Gastronomie &#038; Einkaufsm\u00f6glichkeiten<\/h2>\n<p>In Sulzberg finden Sie eine Vielzahl an Restaurants und lokalen Spezialit\u00e4tenl\u00e4den:<\/p>\n<ul>\n<li><a href=\"https:\/\/www.ochsen.at\/\" target=\"_blank\">Gasthaus Ochsen<\/a><\/li>\n<li><a href=\"https:\/\/www.adlerwirt.at\/\" target=\"_blank\">Adlerwirt<\/a><\/li>\n<li><a href=\"https:\/\/www.alpenblick.co.at\/\" target=\"_blank\">Restaurant Alpenblick<\/a><\/li>\n<li><a href=\"https:\/\/www.baeckerei-alber.at\/\" target=\"_blank\">B\u00e4ckerei Alber<\/a><\/li>\n<li><a href=\"http:\/\/www.kaeserebellen.com\/\" target=\"_blank\">Sulzberger K\u00e4serebellen<\/a><\/li>\n<\/ul>\n<p><!-- Klare Handlungsaufforderung mit Kontaktm\u00f6glichkeit --><\/p>\n<p style=\"text-align: center;\"><strong>Haben Sie Fragen oder m\u00f6chten Sie buchen?<\/strong><br \/>\nKontaktieren Sie uns unter: <a href=\"mailto:sonjamaly653@gmail.com\">sonjamaly653@gmail.com<\/a><\/p>\n<\/div>\n","protected":false},"excerpt":{"rendered":"<p>Erleben Sie Sulzberg im Sommer &#038; Winter Sommeraktivit\u00e4ten in Sulzberg Sulzberg ist ein idealer Ausgangspunkt f\u00fcr Wanderungen, Radtouren und Naturerlebnisse. Im Dorfzentrum finden Sie traditionelle Restaurants und den bekannten Sulzberger K\u00e4serebellen, der f\u00fcr seine preisgekr\u00f6nten K\u00e4sespezialit\u00e4ten bekannt ist. Beliebte Sommeraktivit\u00e4ten: Weitl\u00e4ufige Wanderwege und Radtouren Regionale K\u00f6stlichkeiten in Restaurants und Bauernl\u00e4den Ausfl\u00fcge nach Bregenz, zur Seeb\u00fchne [&hellip;]<\/p>\n","protected":false},"author":1,"featured_media":0,"parent":0,"menu_order":2,"comment_status":"closed","ping_status":"closed","template":"","meta":{"footnotes":""},"class_list":["post-31","page","type-page","status-publish","hentry"],"yoast_head":"<!-- This site is optimized with the Yoast SEO plugin v24.6 - https:\/\/yoast.com\/wordpress\/plugins\/seo\/ -->\n<title>Wissenwertes \u00fcber Sulzberg und Umgebung - Wohlf\u00fchlferienwohnung in Sulzberg<\/title>\n<meta name=\"description\" content=\"Erleben Sie h\u00f6chsten Komfort in unseren exklusiven Ferienwohnungen im Bregenzerwald. Ideal f\u00fcr Sommer &amp; Winter, mit Alpenblick.\" \/>\n<meta name=\"robots\" content=\"index, follow, max-snippet:-1, max-image-preview:large, max-video-preview:-1\" \/>\n<link rel=\"canonical\" href=\"http:\/\/widum278.at\/?page_id=31\" \/>\n<meta property=\"og:locale\" content=\"de_DE\" \/>\n<meta property=\"og:type\" content=\"article\" \/>\n<meta property=\"og:title\" content=\"Wissenwertes \u00fcber Sulzberg und Umgebung - Wohlf\u00fchlferienwohnung in Sulzberg\" \/>\n<meta property=\"og:description\" content=\"Erleben Sie h\u00f6chsten Komfort in unseren exklusiven Ferienwohnungen im Bregenzerwald. Ideal f\u00fcr Sommer &amp; Winter, mit Alpenblick.\" \/>\n<meta property=\"og:url\" content=\"http:\/\/widum278.at\/?page_id=31\" \/>\n<meta property=\"og:site_name\" content=\"Wohlf\u00fchlferienwohnung in Sulzberg\" \/>\n<meta property=\"article:modified_time\" content=\"2025-03-18T16:52:50+00:00\" \/>\n<meta name=\"twitter:card\" content=\"summary_large_image\" \/>\n<meta name=\"twitter:label1\" content=\"Gesch\u00e4tzte Lesezeit\" \/>\n\t<meta name=\"twitter:data1\" content=\"1\u00a0Minute\" \/>\n<script type=\"application\/ld+json\" class=\"yoast-schema-graph\">{\"@context\":\"https:\/\/schema.org\",\"@graph\":[{\"@type\":\"WebPage\",\"@id\":\"http:\/\/widum278.at\/?page_id=31\",\"url\":\"http:\/\/widum278.at\/?page_id=31\",\"name\":\"Wissenwertes \u00fcber Sulzberg und Umgebung - Wohlf\u00fchlferienwohnung in Sulzberg\",\"isPartOf\":{\"@id\":\"https:\/\/widum278.at\/de\/ferienwohnung-2\/#website\"},\"datePublished\":\"2017-07-25T17:20:31+00:00\",\"dateModified\":\"2025-03-18T16:52:50+00:00\",\"description\":\"Erleben Sie h\u00f6chsten Komfort in unseren exklusiven Ferienwohnungen im Bregenzerwald. Ideal f\u00fcr Sommer & Winter, mit Alpenblick.\",\"breadcrumb\":{\"@id\":\"http:\/\/widum278.at\/?page_id=31#breadcrumb\"},\"inLanguage\":\"de\",\"potentialAction\":[{\"@type\":\"ReadAction\",\"target\":[\"http:\/\/widum278.at\/?page_id=31\"]}]},{\"@type\":\"BreadcrumbList\",\"@id\":\"http:\/\/widum278.at\/?page_id=31#breadcrumb\",\"itemListElement\":[{\"@type\":\"ListItem\",\"position\":1,\"name\":\"Startseite\",\"item\":\"http:\/\/widum278.at\/\"},{\"@type\":\"ListItem\",\"position\":2,\"name\":\"Wissenwertes \u00fcber Sulzberg und Umgebung\"}]},{\"@type\":\"WebSite\",\"@id\":\"https:\/\/widum278.at\/de\/ferienwohnung-2\/#website\",\"url\":\"https:\/\/widum278.at\/de\/ferienwohnung-2\/\",\"name\":\"Wohlf\u00fchlferienwohnung in Sulzberg\",\"description\":\"Maly\u00b4s Ferienwohnung - grenzenlos geniessen in Sulzberg-Vorarlberg\",\"potentialAction\":[{\"@type\":\"SearchAction\",\"target\":{\"@type\":\"EntryPoint\",\"urlTemplate\":\"https:\/\/widum278.at\/de\/ferienwohnung-2\/?s={search_term_string}\"},\"query-input\":{\"@type\":\"PropertyValueSpecification\",\"valueRequired\":true,\"valueName\":\"search_term_string\"}}],\"inLanguage\":\"de\"}]}<\/script>\n<!-- \/ Yoast SEO plugin. -->","yoast_head_json":{"title":"Wissenwertes \u00fcber Sulzberg und Umgebung - Wohlf\u00fchlferienwohnung in Sulzberg","description":"Erleben Sie h\u00f6chsten Komfort in unseren exklusiven Ferienwohnungen im Bregenzerwald. Ideal f\u00fcr Sommer & Winter, mit Alpenblick.","robots":{"index":"index","follow":"follow","max-snippet":"max-snippet:-1","max-image-preview":"max-image-preview:large","max-video-preview":"max-video-preview:-1"},"canonical":"http:\/\/widum278.at\/?page_id=31","og_locale":"de_DE","og_type":"article","og_title":"Wissenwertes \u00fcber Sulzberg und Umgebung - Wohlf\u00fchlferienwohnung in Sulzberg","og_description":"Erleben Sie h\u00f6chsten Komfort in unseren exklusiven Ferienwohnungen im Bregenzerwald. Ideal f\u00fcr Sommer & Winter, mit Alpenblick.","og_url":"http:\/\/widum278.at\/?page_id=31","og_site_name":"Wohlf\u00fchlferienwohnung in Sulzberg","article_modified_time":"2025-03-18T16:52:50+00:00","twitter_card":"summary_large_image","twitter_misc":{"Gesch\u00e4tzte Lesezeit":"1\u00a0Minute"},"schema":{"@context":"https:\/\/schema.org","@graph":[{"@type":"WebPage","@id":"http:\/\/widum278.at\/?page_id=31","url":"http:\/\/widum278.at\/?page_id=31","name":"Wissenwertes \u00fcber Sulzberg und Umgebung - Wohlf\u00fchlferienwohnung in Sulzberg","isPartOf":{"@id":"https:\/\/widum278.at\/de\/ferienwohnung-2\/#website"},"datePublished":"2017-07-25T17:20:31+00:00","dateModified":"2025-03-18T16:52:50+00:00","description":"Erleben Sie h\u00f6chsten Komfort in unseren exklusiven Ferienwohnungen im Bregenzerwald. Ideal f\u00fcr Sommer & Winter, mit Alpenblick.","breadcrumb":{"@id":"http:\/\/widum278.at\/?page_id=31#breadcrumb"},"inLanguage":"de","potentialAction":[{"@type":"ReadAction","target":["http:\/\/widum278.at\/?page_id=31"]}]},{"@type":"BreadcrumbList","@id":"http:\/\/widum278.at\/?page_id=31#breadcrumb","itemListElement":[{"@type":"ListItem","position":1,"name":"Startseite","item":"http:\/\/widum278.at\/"},{"@type":"ListItem","position":2,"name":"Wissenwertes \u00fcber Sulzberg und Umgebung"}]},{"@type":"WebSite","@id":"https:\/\/widum278.at\/de\/ferienwohnung-2\/#website","url":"https:\/\/widum278.at\/de\/ferienwohnung-2\/","name":"Wohlf\u00fchlferienwohnung in Sulzberg","description":"Maly\u00b4s Ferienwohnung - grenzenlos geniessen in Sulzberg-Vorarlberg","potentialAction":[{"@type":"SearchAction","target":{"@type":"EntryPoint","urlTemplate":"https:\/\/widum278.at\/de\/ferienwohnung-2\/?s={search_term_string}"},"query-input":{"@type":"PropertyValueSpecification","valueRequired":true,"valueName":"search_term_string"}}],"inLanguage":"de"}]}},"_links":{"self":[{"href":"http:\/\/widum278.at\/index.php?rest_route=\/wp\/v2\/pages\/31","targetHints":{"allow":["GET"]}}],"collection":[{"href":"http:\/\/widum278.at\/index.php?rest_route=\/wp\/v2\/pages"}],"about":[{"href":"http:\/\/widum278.at\/index.php?rest_route=\/wp\/v2\/types\/page"}],"author":[{"embeddable":true,"href":"http:\/\/widum278.at\/index.php?rest_route=\/wp\/v2\/users\/1"}],"replies":[{"embeddable":true,"href":"http:\/\/widum278.at\/index.php?rest_route=%2Fwp%2Fv2%2Fcomments&post=31"}],"version-history":[{"count":9,"href":"http:\/\/widum278.at\/index.php?rest_route=\/wp\/v2\/pages\/31\/revisions"}],"predecessor-version":[{"id":918,"href":"http:\/\/widum278.at\/index.php?rest_route=\/wp\/v2\/pages\/31\/revisions\/918"}],"wp:attachment":[{"href":"http:\/\/widum278.at\/index.php?rest_route=%2Fwp%2Fv2%2Fmedia&parent=31"}],"curies":[{"name":"wp","href":"https:\/\/api.w.org\/{rel}","templated":true}]}}