{"id":27,"date":"2017-07-25T19:18:53","date_gmt":"2017-07-25T17:18:53","guid":{"rendered":"http:\/\/widum278.at\/?page_id=27"},"modified":"2025-06-15T17:45:57","modified_gmt":"2025-06-15T15:45:57","slug":"gartenwohnung","status":"publish","type":"page","link":"http:\/\/widum278.at\/?page_id=27","title":{"rendered":"Gartenwohnung"},"content":{"rendered":"\n<p class=\"has-text-align-center\"><\/p>\n\n\n\n<p>&nbsp;<\/p>\n\n\n<p>\n\t\t\t\t\t\n\n\t\t\t\t\t<!-- START UNITE GALLERY LITE 1.7.56 -->\n\t\t\t\t\t\n\t\t\t\t\n\t\t\t<div id='unitegallery_1_1' class='unite-gallery' style='margin:0px auto;'>\n\t\t\t\t\n\n\t\t\t\t\t\t<img alt=\"Maly_Wohnung_Sulzberg-14\"\n\t\t\t\t\t\t     src=\"\" data-image=\"http:\/\/widum278.at\/wp-content\/uploads\/2017\/08\/Maly_Wohnung_Sulzberg-14-1-e1504596382399.jpg\"\n\t\t\t\t\t\t     data-thumb=\"http:\/\/widum278.at\/wp-content\/uploads\/2017\/08\/Maly_Wohnung_Sulzberg-14-1-e1504596382399.jpg\"\n\t\t\t\t\t\t     title=\"\"\n\t\t\t\t\t\t     style=\"display:none\">\n\n\t\t\t\t\t\t<img alt=\"Maly_Wohnung_Sulzberg-13\"\n\t\t\t\t\t\t     src=\"\" data-image=\"http:\/\/widum278.at\/wp-content\/uploads\/2017\/08\/Maly_Wohnung_Sulzberg-13-e1504596390984.jpg\"\n\t\t\t\t\t\t     data-thumb=\"http:\/\/widum278.at\/wp-content\/uploads\/2017\/08\/Maly_Wohnung_Sulzberg-13-e1504596390984.jpg\"\n\t\t\t\t\t\t     title=\"\"\n\t\t\t\t\t\t     style=\"display:none\">\n\n\t\t\t\t\t\t<img alt=\"Maly_Wohnung_Sulzberg-3\"\n\t\t\t\t\t\t     src=\"\" data-image=\"http:\/\/widum278.at\/wp-content\/uploads\/2017\/08\/Maly_Wohnung_Sulzberg-3-1-e1504596451449.jpg\"\n\t\t\t\t\t\t     data-thumb=\"http:\/\/widum278.at\/wp-content\/uploads\/2017\/08\/Maly_Wohnung_Sulzberg-3-1-e1504596451449.jpg\"\n\t\t\t\t\t\t     title=\"\"\n\t\t\t\t\t\t     style=\"display:none\">\n\n\t\t\t\t\t\t<img alt=\"Maly_Wohnung_Sulzberg-2\"\n\t\t\t\t\t\t     src=\"\" data-image=\"http:\/\/widum278.at\/wp-content\/uploads\/2017\/08\/Maly_Wohnung_Sulzberg-2-1-e1504596458762.jpg\"\n\t\t\t\t\t\t     data-thumb=\"http:\/\/widum278.at\/wp-content\/uploads\/2017\/08\/Maly_Wohnung_Sulzberg-2-1-e1504596458762.jpg\"\n\t\t\t\t\t\t     title=\"\"\n\t\t\t\t\t\t     style=\"display:none\">\n\n\t\t\t\t\t\t<img alt=\"Maly_Wohnung_Sulzberg-15\"\n\t\t\t\t\t\t     src=\"\" data-image=\"http:\/\/widum278.at\/wp-content\/uploads\/2017\/08\/Maly_Wohnung_Sulzberg-15-e1504601884905.jpg\"\n\t\t\t\t\t\t     data-thumb=\"http:\/\/widum278.at\/wp-content\/uploads\/2017\/08\/Maly_Wohnung_Sulzberg-15-e1504601884905.jpg\"\n\t\t\t\t\t\t     title=\"\"\n\t\t\t\t\t\t     style=\"display:none\">\n\n\t\t\t\t\t\t<img alt=\"Maly_Wohnung_Sulzberg-5\"\n\t\t\t\t\t\t     src=\"\" data-image=\"http:\/\/widum278.at\/wp-content\/uploads\/2017\/08\/Maly_Wohnung_Sulzberg-5-e1504601973593.jpg\"\n\t\t\t\t\t\t     data-thumb=\"http:\/\/widum278.at\/wp-content\/uploads\/2017\/08\/Maly_Wohnung_Sulzberg-5-e1504601973593.jpg\"\n\t\t\t\t\t\t     title=\"\"\n\t\t\t\t\t\t     style=\"display:none\">\n\n\t\t\t\t\t\t<img alt=\"Maly_Wohnung_Sulzberg-9\"\n\t\t\t\t\t\t     src=\"\" data-image=\"http:\/\/widum278.at\/wp-content\/uploads\/2017\/08\/Maly_Wohnung_Sulzberg-9-e1504596980490.jpg\"\n\t\t\t\t\t\t     data-thumb=\"http:\/\/widum278.at\/wp-content\/uploads\/2017\/08\/Maly_Wohnung_Sulzberg-9-e1504596980490.jpg\"\n\t\t\t\t\t\t     title=\"\"\n\t\t\t\t\t\t     style=\"display:none\">\n\n\t\t\t\t\t\t<img alt=\"20200603_121102\"\n\t\t\t\t\t\t     src=\"\" data-image=\"http:\/\/widum278.at\/wp-content\/uploads\/2021\/09\/20200603_121102-scaled.jpg\"\n\t\t\t\t\t\t     data-thumb=\"http:\/\/widum278.at\/wp-content\/uploads\/2021\/09\/20200603_121102-scaled.jpg\"\n\t\t\t\t\t\t     title=\"\"\n\t\t\t\t\t\t     style=\"display:none\">\n\n\t\t\t\t\t\t<img alt=\"19_IMG_1327\"\n\t\t\t\t\t\t     src=\"\" data-image=\"http:\/\/widum278.at\/wp-content\/uploads\/2021\/09\/19_IMG_1327-rotated.jpg\"\n\t\t\t\t\t\t     data-thumb=\"http:\/\/widum278.at\/wp-content\/uploads\/2021\/09\/19_IMG_1327-rotated.jpg\"\n\t\t\t\t\t\t     title=\"\"\n\t\t\t\t\t\t     style=\"display:none\">\n\n\t\t\t\t\t\t<img alt=\"17_IMG_1326\"\n\t\t\t\t\t\t     src=\"\" data-image=\"http:\/\/widum278.at\/wp-content\/uploads\/2021\/09\/17_IMG_1326-scaled.jpg\"\n\t\t\t\t\t\t     data-thumb=\"http:\/\/widum278.at\/wp-content\/uploads\/2021\/09\/17_IMG_1326-scaled.jpg\"\n\t\t\t\t\t\t     title=\"\"\n\t\t\t\t\t\t     style=\"display:none\">\n\n\t\t\t\t\t\t<img alt=\"15_IMG_1325\"\n\t\t\t\t\t\t     src=\"\" data-image=\"http:\/\/widum278.at\/wp-content\/uploads\/2021\/09\/15_IMG_1325-scaled.jpg\"\n\t\t\t\t\t\t     data-thumb=\"http:\/\/widum278.at\/wp-content\/uploads\/2021\/09\/15_IMG_1325-scaled.jpg\"\n\t\t\t\t\t\t     title=\"\"\n\t\t\t\t\t\t     style=\"display:none\">\n\n\t\t\t\t\t\t<img alt=\"13_IMG_1324\"\n\t\t\t\t\t\t     src=\"\" data-image=\"http:\/\/widum278.at\/wp-content\/uploads\/2021\/09\/13_IMG_1324-scaled.jpg\"\n\t\t\t\t\t\t     data-thumb=\"http:\/\/widum278.at\/wp-content\/uploads\/2021\/09\/13_IMG_1324-scaled.jpg\"\n\t\t\t\t\t\t     title=\"\"\n\t\t\t\t\t\t     style=\"display:none\">\n\n\t\t\t\t\t\t<img alt=\"11_IMG_1320\"\n\t\t\t\t\t\t     src=\"\" data-image=\"http:\/\/widum278.at\/wp-content\/uploads\/2021\/09\/11_IMG_1320-rotated.jpg\"\n\t\t\t\t\t\t     data-thumb=\"http:\/\/widum278.at\/wp-content\/uploads\/2021\/09\/11_IMG_1320-rotated.jpg\"\n\t\t\t\t\t\t     title=\"\"\n\t\t\t\t\t\t     style=\"display:none\">\n\n\t\t\t\t\t\t<img alt=\"09_IMG_1319\"\n\t\t\t\t\t\t     src=\"\" data-image=\"http:\/\/widum278.at\/wp-content\/uploads\/2021\/09\/09_IMG_1319-scaled.jpg\"\n\t\t\t\t\t\t     data-thumb=\"http:\/\/widum278.at\/wp-content\/uploads\/2021\/09\/09_IMG_1319-scaled.jpg\"\n\t\t\t\t\t\t     title=\"\"\n\t\t\t\t\t\t     style=\"display:none\">\n\n\t\t\t\t\t\t<img alt=\"07_IMG_1316\"\n\t\t\t\t\t\t     src=\"\" data-image=\"http:\/\/widum278.at\/wp-content\/uploads\/2021\/09\/07_IMG_1316-scaled.jpg\"\n\t\t\t\t\t\t     data-thumb=\"http:\/\/widum278.at\/wp-content\/uploads\/2021\/09\/07_IMG_1316-scaled.jpg\"\n\t\t\t\t\t\t     title=\"\"\n\t\t\t\t\t\t     style=\"display:none\">\n\n\t\t\t\t\t\t<img alt=\"05_IMG_1315\"\n\t\t\t\t\t\t     src=\"\" data-image=\"http:\/\/widum278.at\/wp-content\/uploads\/2021\/09\/05_IMG_1315-scaled.jpg\"\n\t\t\t\t\t\t     data-thumb=\"http:\/\/widum278.at\/wp-content\/uploads\/2021\/09\/05_IMG_1315-scaled.jpg\"\n\t\t\t\t\t\t     title=\"\"\n\t\t\t\t\t\t     style=\"display:none\">\n\n\t\t\t\t\t\t<img alt=\"03_IMG_1314\"\n\t\t\t\t\t\t     src=\"\" data-image=\"http:\/\/widum278.at\/wp-content\/uploads\/2021\/09\/03_IMG_1314-scaled.jpg\"\n\t\t\t\t\t\t     data-thumb=\"http:\/\/widum278.at\/wp-content\/uploads\/2021\/09\/03_IMG_1314-scaled.jpg\"\n\t\t\t\t\t\t     title=\"\"\n\t\t\t\t\t\t     style=\"display:none\">\n\n\t\t\t\t\t\t<img alt=\"01_IMG_1313\"\n\t\t\t\t\t\t     src=\"\" data-image=\"http:\/\/widum278.at\/wp-content\/uploads\/2021\/09\/01_IMG_1313-rotated.jpg\"\n\t\t\t\t\t\t     data-thumb=\"http:\/\/widum278.at\/wp-content\/uploads\/2021\/09\/01_IMG_1313-rotated.jpg\"\n\t\t\t\t\t\t     title=\"\"\n\t\t\t\t\t\t     style=\"display:none\">\n\t\t\t<\/div>\n\n\t\t\t<script type='text\/javascript'>\n\t\t\t\twindow.onload = function(e) {\n\t\t\t\t\tif(typeof ugCheckForErrors == \"undefined\"){\n\t\t\t\t\t\tdocument.getElementById(\"unitegallery_1_1\").innerHTML = \"<span style='color:red'>Unite Gallery Error - gallery js and css files not included in the footer. Please make sure that wp_footer() function is added to your theme.<\/span>\";}\n\t\t\t\t\telse{ ugCheckForErrors(\"unitegallery_1_1\", \"jquery\");}\n\t\t\t\t};\n\t\t\t<\/script>\n\n\t\t\t<!-- END UNITEGALLERY LITE--><\/p>\n\n\n\n<p>&nbsp;<\/p>\n\n\n\n<p><strong>Der Wohnraum<\/strong><\/p>\n\n\n\n<p>Das Apartment besteht aus einer mit hochwertigen Ger\u00e4ten (Weink\u00fchlschrank, Niedrigtemperatur Backofen, Thermomix) ausgestatteten K\u00fcche.<br>In diese wurde ein helles Wohnzimmer mit einem gem\u00fctlichen Kamin integriert. Hier steht Ihnen kostenloses Smart TV, sowie Breitband Internet zur Verf\u00fcgung.<br>Genie\u00dfen Sie die sch\u00f6ne Aussicht im gro\u00dfz\u00fcgig angelegten Garten und nutzen Sie die Gelegenheit das hauseigene Gem\u00fcse direkt aus den Hochbeeten zu verk\u00f6stigen.<br>Ein zur Verf\u00fcgung gestellter Gasgrill kann ebenso verwendet werden.<br>Das ma\u00dfgeschneiderte Zirbenbett sorgt f\u00fcr Entspannung und Ruhe in der Nacht.<\/p>\n\n\n\n<p><strong>Zugang f\u00fcr G\u00e4ste<\/strong><\/p>\n\n\n\n<p>Die Wohnung verf\u00fcgt \u00fcber einen separaten Hauseingang. Der durch eine Hecke gesch\u00fctzte Garten, kann direkt \u00fcber die Wohnung erreicht werden.<br>Dort werden neben Liegest\u00fchlen und anderen Sitzm\u00f6glichkeiten bereitgestellt.<br>Als besondere Annehmlichkeit gibt es f\u00fcr unsere G\u00e4ste einen Waschraum mit Waschmaschine und Trockner.<\/p>\n\n\n\n<p><strong>Weitere Infos<\/strong><\/p>\n\n\n\n<p>Auf Wunsch k\u00f6nnen ausgesuchte Rot- und Wei\u00dfweine aus dem privaten Weinkeller<br>oder je nach Verf\u00fcgbarkeit frischer Salat und Kr\u00e4uter aus den Hochbeeten bezogen werden.<br>Eine Ladestation f\u00fcr Elektroautos ist verf\u00fcgbar.&nbsp;<\/p>\n\n\n\n<p>Hunde sind herzlich willkommen.<\/p>\n\n\n\n<p>Tagespreis \u00a0ab \u20ac 85,00 (saisonal abh\u00e4ngig) exkl. Ortstaxe<br>zzgl. Endreinigung\u00a0einmalig \u20ac 52,00<\/p>\n\n\n\n<p>Hunde sind willkommen, eine Pauschale von \u20ac 25,00 kommt hier dazu<br><\/p>\n","protected":false},"excerpt":{"rendered":"<p>&nbsp; &nbsp; Der Wohnraum Das Apartment besteht aus einer mit hochwertigen Ger\u00e4ten (Weink\u00fchlschrank, Niedrigtemperatur Backofen, Thermomix) ausgestatteten K\u00fcche.In diese wurde ein helles Wohnzimmer mit einem gem\u00fctlichen Kamin integriert. Hier steht Ihnen kostenloses Smart TV, sowie Breitband Internet zur Verf\u00fcgung.Genie\u00dfen Sie die sch\u00f6ne Aussicht im gro\u00dfz\u00fcgig angelegten Garten und nutzen Sie die Gelegenheit das hauseigene Gem\u00fcse [&hellip;]<\/p>\n","protected":false},"author":1,"featured_media":0,"parent":0,"menu_order":0,"comment_status":"closed","ping_status":"closed","template":"","meta":{"footnotes":""},"class_list":["post-27","page","type-page","status-publish","hentry"],"yoast_head":"<!-- This site is optimized with the Yoast SEO plugin v24.6 - https:\/\/yoast.com\/wordpress\/plugins\/seo\/ -->\n<title>Maly\u00b4s Ferienwohnung in Sulzberg - Gartenwohnung<\/title>\n<meta name=\"description\" content=\"Diese Ferienwohnung liegt im Erdgeschoss und verf\u00fcgt \u00fcber einen wundersch\u00f6nen und zum Verweilen einladenden Garten in ruhiger Lage.\" \/>\n<meta name=\"robots\" content=\"index, follow, max-snippet:-1, max-image-preview:large, max-video-preview:-1\" \/>\n<link rel=\"canonical\" href=\"http:\/\/widum278.at\/?page_id=27\" \/>\n<meta property=\"og:locale\" content=\"de_DE\" \/>\n<meta property=\"og:type\" content=\"article\" \/>\n<meta property=\"og:title\" content=\"Maly\u00b4s Ferienwohnung in Sulzberg - Gartenwohnung\" \/>\n<meta property=\"og:description\" content=\"Diese Ferienwohnung liegt im Erdgeschoss und verf\u00fcgt \u00fcber einen wundersch\u00f6nen und zum Verweilen einladenden Garten in ruhiger Lage.\" \/>\n<meta property=\"og:url\" content=\"http:\/\/widum278.at\/?page_id=27\" \/>\n<meta property=\"og:site_name\" content=\"Wohlf\u00fchlferienwohnung in Sulzberg\" \/>\n<meta property=\"article:modified_time\" content=\"2025-06-15T15:45:57+00:00\" \/>\n<meta name=\"twitter:card\" content=\"summary_large_image\" \/>\n<meta name=\"twitter:label1\" content=\"Gesch\u00e4tzte Lesezeit\" \/>\n\t<meta name=\"twitter:data1\" content=\"2\u00a0Minuten\" \/>\n<script type=\"application\/ld+json\" class=\"yoast-schema-graph\">{\"@context\":\"https:\/\/schema.org\",\"@graph\":[{\"@type\":\"WebPage\",\"@id\":\"http:\/\/widum278.at\/?page_id=27\",\"url\":\"http:\/\/widum278.at\/?page_id=27\",\"name\":\"Maly\u00b4s Ferienwohnung in Sulzberg - Gartenwohnung\",\"isPartOf\":{\"@id\":\"https:\/\/widum278.at\/de\/ferienwohnung-2\/#website\"},\"datePublished\":\"2017-07-25T17:18:53+00:00\",\"dateModified\":\"2025-06-15T15:45:57+00:00\",\"description\":\"Diese Ferienwohnung liegt im Erdgeschoss und verf\u00fcgt \u00fcber einen wundersch\u00f6nen und zum Verweilen einladenden Garten in ruhiger Lage.\",\"breadcrumb\":{\"@id\":\"http:\/\/widum278.at\/?page_id=27#breadcrumb\"},\"inLanguage\":\"de\",\"potentialAction\":[{\"@type\":\"ReadAction\",\"target\":[\"http:\/\/widum278.at\/?page_id=27\"]}]},{\"@type\":\"BreadcrumbList\",\"@id\":\"http:\/\/widum278.at\/?page_id=27#breadcrumb\",\"itemListElement\":[{\"@type\":\"ListItem\",\"position\":1,\"name\":\"Startseite\",\"item\":\"http:\/\/widum278.at\/\"},{\"@type\":\"ListItem\",\"position\":2,\"name\":\"Gartenwohnung\"}]},{\"@type\":\"WebSite\",\"@id\":\"https:\/\/widum278.at\/de\/ferienwohnung-2\/#website\",\"url\":\"https:\/\/widum278.at\/de\/ferienwohnung-2\/\",\"name\":\"Wohlf\u00fchlferienwohnung in Sulzberg\",\"description\":\"Maly\u00b4s Ferienwohnung - grenzenlos geniessen in Sulzberg-Vorarlberg\",\"potentialAction\":[{\"@type\":\"SearchAction\",\"target\":{\"@type\":\"EntryPoint\",\"urlTemplate\":\"https:\/\/widum278.at\/de\/ferienwohnung-2\/?s={search_term_string}\"},\"query-input\":{\"@type\":\"PropertyValueSpecification\",\"valueRequired\":true,\"valueName\":\"search_term_string\"}}],\"inLanguage\":\"de\"}]}<\/script>\n<!-- \/ Yoast SEO plugin. -->","yoast_head_json":{"title":"Maly\u00b4s Ferienwohnung in Sulzberg - Gartenwohnung","description":"Diese Ferienwohnung liegt im Erdgeschoss und verf\u00fcgt \u00fcber einen wundersch\u00f6nen und zum Verweilen einladenden Garten in ruhiger Lage.","robots":{"index":"index","follow":"follow","max-snippet":"max-snippet:-1","max-image-preview":"max-image-preview:large","max-video-preview":"max-video-preview:-1"},"canonical":"http:\/\/widum278.at\/?page_id=27","og_locale":"de_DE","og_type":"article","og_title":"Maly\u00b4s Ferienwohnung in Sulzberg - Gartenwohnung","og_description":"Diese Ferienwohnung liegt im Erdgeschoss und verf\u00fcgt \u00fcber einen wundersch\u00f6nen und zum Verweilen einladenden Garten in ruhiger Lage.","og_url":"http:\/\/widum278.at\/?page_id=27","og_site_name":"Wohlf\u00fchlferienwohnung in Sulzberg","article_modified_time":"2025-06-15T15:45:57+00:00","twitter_card":"summary_large_image","twitter_misc":{"Gesch\u00e4tzte Lesezeit":"2\u00a0Minuten"},"schema":{"@context":"https:\/\/schema.org","@graph":[{"@type":"WebPage","@id":"http:\/\/widum278.at\/?page_id=27","url":"http:\/\/widum278.at\/?page_id=27","name":"Maly\u00b4s Ferienwohnung in Sulzberg - Gartenwohnung","isPartOf":{"@id":"https:\/\/widum278.at\/de\/ferienwohnung-2\/#website"},"datePublished":"2017-07-25T17:18:53+00:00","dateModified":"2025-06-15T15:45:57+00:00","description":"Diese Ferienwohnung liegt im Erdgeschoss und verf\u00fcgt \u00fcber einen wundersch\u00f6nen und zum Verweilen einladenden Garten in ruhiger Lage.","breadcrumb":{"@id":"http:\/\/widum278.at\/?page_id=27#breadcrumb"},"inLanguage":"de","potentialAction":[{"@type":"ReadAction","target":["http:\/\/widum278.at\/?page_id=27"]}]},{"@type":"BreadcrumbList","@id":"http:\/\/widum278.at\/?page_id=27#breadcrumb","itemListElement":[{"@type":"ListItem","position":1,"name":"Startseite","item":"http:\/\/widum278.at\/"},{"@type":"ListItem","position":2,"name":"Gartenwohnung"}]},{"@type":"WebSite","@id":"https:\/\/widum278.at\/de\/ferienwohnung-2\/#website","url":"https:\/\/widum278.at\/de\/ferienwohnung-2\/","name":"Wohlf\u00fchlferienwohnung in Sulzberg","description":"Maly\u00b4s Ferienwohnung - grenzenlos geniessen in Sulzberg-Vorarlberg","potentialAction":[{"@type":"SearchAction","target":{"@type":"EntryPoint","urlTemplate":"https:\/\/widum278.at\/de\/ferienwohnung-2\/?s={search_term_string}"},"query-input":{"@type":"PropertyValueSpecification","valueRequired":true,"valueName":"search_term_string"}}],"inLanguage":"de"}]}},"_links":{"self":[{"href":"http:\/\/widum278.at\/index.php?rest_route=\/wp\/v2\/pages\/27","targetHints":{"allow":["GET"]}}],"collection":[{"href":"http:\/\/widum278.at\/index.php?rest_route=\/wp\/v2\/pages"}],"about":[{"href":"http:\/\/widum278.at\/index.php?rest_route=\/wp\/v2\/types\/page"}],"author":[{"embeddable":true,"href":"http:\/\/widum278.at\/index.php?rest_route=\/wp\/v2\/users\/1"}],"replies":[{"embeddable":true,"href":"http:\/\/widum278.at\/index.php?rest_route=%2Fwp%2Fv2%2Fcomments&post=27"}],"version-history":[{"count":10,"href":"http:\/\/widum278.at\/index.php?rest_route=\/wp\/v2\/pages\/27\/revisions"}],"predecessor-version":[{"id":949,"href":"http:\/\/widum278.at\/index.php?rest_route=\/wp\/v2\/pages\/27\/revisions\/949"}],"wp:attachment":[{"href":"http:\/\/widum278.at\/index.php?rest_route=%2Fwp%2Fv2%2Fmedia&parent=27"}],"curies":[{"name":"wp","href":"https:\/\/api.w.org\/{rel}","templated":true}]}}